{"id":881,"date":"2020-03-24T14:56:02","date_gmt":"2020-03-24T18:56:02","guid":{"rendered":"http:\/\/ledroitchemin.ca\/publications\/"},"modified":"2020-06-02T21:51:30","modified_gmt":"2020-06-03T01:51:30","slug":"publications","status":"publish","type":"page","link":"https:\/\/www.ledroitchemin.ca\/en\/publications\/","title":{"rendered":"Publications"},"content":{"rendered":"<div class=\"wp-block-image\"><figure class=\"aligncenter size-large is-resized\"><img loading=\"lazy\" decoding=\"async\" src=\"https:\/\/www.ledroitchemin.ca\/wp-content\/uploads\/2020\/04\/Plan-de-travail-1-1024x337.png\" alt=\"\" class=\"wp-image-853\" width=\"1024\" height=\"337\" srcset=\"https:\/\/www.ledroitchemin.ca\/wp-content\/uploads\/2020\/04\/Plan-de-travail-1-1024x337.png 1024w, https:\/\/www.ledroitchemin.ca\/wp-content\/uploads\/2020\/04\/Plan-de-travail-1-300x99.png 300w, https:\/\/www.ledroitchemin.ca\/wp-content\/uploads\/2020\/04\/Plan-de-travail-1-768x252.png 768w, https:\/\/www.ledroitchemin.ca\/wp-content\/uploads\/2020\/04\/Plan-de-travail-1-1536x505.png 1536w, https:\/\/www.ledroitchemin.ca\/wp-content\/uploads\/2020\/04\/Plan-de-travail-1-2048x673.png 2048w, https:\/\/www.ledroitchemin.ca\/wp-content\/uploads\/2020\/04\/Plan-de-travail-1-1200x395.png 1200w\" sizes=\"auto, (max-width: 1024px) 100vw, 1024px\" \/><\/figure><\/div><div class=\"wp-block-columns is-layout-flex wp-container-core-columns-is-layout-1 wp-block-columns-is-layout-flex\"><div class=\"wp-block-column is-layout-flow wp-block-column-is-layout-flow\" style=\"flex-basis:22.5%\"><\/div>\n\n<div class=\"wp-block-column is-layout-flow wp-block-column-is-layout-flow\" style=\"flex-basis:66.66%\"><h4 class=\"has-text-color wp-block-heading\" style=\"color:#ada301\"><strong>AVOCAPSULE &#8211; QUESTIONS &amp; ANSWERS<\/strong><\/h4>\n\n<div class=\"wp-block-group\"><div class=\"wp-block-group__inner-container is-layout-flow wp-block-group-is-layout-flow\"><h5 class=\"has-text-color has-text-align-left wp-block-heading\" style=\"color:#ada301\"><strong>QU&#8217;ADVIENT-IL DE LA D\u00c9SIGNATION DE B\u00c9N\u00c9FICIAIRE D&#8217;UNE CONJOINTE DE FAIT APR\u00c8S UNE S\u00c9PARATION?<\/strong><\/h5>\n\n<h6 class=\"has-text-color wp-block-heading\" style=\"color:#ada301\">LA D\u00c9SIGNATION DEMEURE, ET N&#8217;EST PAS ANNUL\u00c9E SUITE \u00c0 LA S\u00c9PARATION.<\/h6>\n\n<div style=\"height:20px\" aria-hidden=\"true\" class=\"wp-block-spacer\"><\/div><\/div><\/div>\n\n<h4 class=\"has-text-color wp-block-heading\" style=\"color:#6f1870\">AVOCAPSULE &#8211; VIDEOS<\/h4>\n\n<div class=\"wp-block-group has-text-color\" style=\"color:#a16dd1\"><div class=\"wp-block-group__inner-container is-layout-flow wp-block-group-is-layout-flow\"><div class=\"wp-block-group\"><div class=\"wp-block-group__inner-container is-layout-flow wp-block-group-is-layout-flow\"><p style=\"color:#6f1870\" class=\"has-text-color\"><a href=\"https:\/\/www.youtube.com\/watch?v=lcczF3wwWAg\">Introduction<\/a><\/p>\n\n<p style=\"color:#6f1870\" class=\"has-text-color\"><a href=\"https:\/\/www.youtube.com\/watch?v=mTx9z3DeZsc\">Assurance maladies graves avec retour de prime<\/a><\/p>\n\n<p style=\"color:#6f1870\" class=\"has-text-color\"><a href=\"https:\/\/www.youtube.com\/watch?v=V6E1XzrwE-Q\">Divorce et int\u00e9r\u00eat d\u2019assurance<\/a><\/p>\n\n<p style=\"color:#6f1870\" class=\"has-text-color\"><a href=\"https:\/\/www.youtube.com\/watch?v=V7YOqhrS46Y\">Insaisissabilit\u00e9 d\u2019une police d\u2019assurance<\/a><\/p>\n\n<p style=\"color:#6f1870\" class=\"has-text-color\"><a href=\"https:\/\/www.youtube.com\/watch?v=gVIbIoLQ22Q\">Enfant \u00e0 na\u00eetre, b\u00e9n\u00e9ficiaire<\/a><\/p>\n\n<p style=\"color:#6f1870\" class=\"has-text-color\"><a href=\"https:\/\/www.youtube.com\/watch?v=LdyXkf6tKXY\">Int\u00e9r\u00eat d\u2019assurance et transfert de propri\u00e9t\u00e9<\/a><\/p>\n\n<p style=\"color:#6f1870\" class=\"has-text-color\"><a href=\"https:\/\/www.youtube.com\/watch?v=PcgFl5lFwRk\">Vente d\u2019assurance-vie en ligne et RMAD<\/a>&nbsp;&nbsp;&nbsp;&nbsp;&nbsp;&nbsp;&nbsp;<\/p>\n\n<p style=\"color:#6f1870\" class=\"has-text-color\"><a href=\"https:\/\/www.youtube.com\/watch?v=FQtDgA9Pils&amp;t=11s\">Testament invalide qui contient une d\u00e9signation de b\u00e9n\u00e9ficiaire<\/a><\/p>\n\n<p style=\"color:#6f1870\" class=\"has-text-color\"><a href=\"https:\/\/www.youtube.com\/watch?v=oK9IRU0A1HE\">CRI et s\u00e9paration l\u00e9gale<\/a><\/p>\n\n<p style=\"color:#6f1870\" class=\"has-text-color\"><a href=\"https:\/\/www.youtube.com\/watch?v=8ErESDtVEXk\">Testament et b\u00e9n\u00e9ficiaire irr\u00e9vocable<\/a><\/p><\/div><\/div>\n\n<div style=\"height:20px\" aria-hidden=\"true\" class=\"wp-block-spacer\"><\/div><\/div><\/div>\n\n<h4 class=\"has-text-color wp-block-heading\" style=\"color:#ada301\"><strong>ON PARLE DE NOUS<\/strong><\/h4>\n\n<div class=\"wp-block-group has-text-color\" style=\"color:#ada301\"><div class=\"wp-block-group__inner-container is-layout-flow wp-block-group-is-layout-flow\"><div class=\"wp-block-group has-text-color\" style=\"color:#ada301\"><div class=\"wp-block-group__inner-container is-layout-flow wp-block-group-is-layout-flow\"><div class=\"wp-block-group\"><div class=\"wp-block-group__inner-container is-layout-flow wp-block-group-is-layout-flow\"><p style=\"color:#ada301\" class=\"has-text-color\"><a href=\"https:\/\/www.finance-investissement.com\/nouvelles\/actualites\/assurance-responsabilite-4-erreurs-a-eviter\/\" target=\"_blank\" rel=\"noreferrer noopener\">Assurance responsabilit\u00e9&nbsp;: 4 erreurs \u00e0 \u00e9viter<\/a><\/p>\n\n<p style=\"color:#ada301\" class=\"has-text-color\"><a href=\"http:\/\/www.droit-inc.com\/article22691-Assurances-des-conseils-juridiques-a-la-carte\" target=\"_blank\" rel=\"noreferrer noopener\">Assurances&nbsp;: des conseils juridiques \u00e0 la carte<\/a><\/p>\n\n<p style=\"color:#ada301\" class=\"has-text-color\"><a href=\"https:\/\/www.professionconseiller.com\/nouvelles\/assurance-responsabilite-et-les-conseillers\/\" target=\"_blank\" rel=\"noreferrer noopener\">L\u2019assurance responsabilit\u00e9 et les conseillers<\/a><\/p>\n\n<p style=\"color:#ada301\" class=\"has-text-color\"><a href=\"https:\/\/www.conseiller.ca\/ma-pratique\/carriere\/la-reputation-votre-actif-le-plus-precieux\/\" target=\"_blank\" rel=\"noreferrer noopener\">La r\u00e9putation, votre actif le plus pr\u00e9cieux<\/a><\/p>\n\n<p style=\"color:#ada301\" class=\"has-text-color\"><a href=\"https:\/\/www.conseiller.ca\/nouvelles\/industrie\/du-bon-usage-de-lassurance-responsabilite\/\" target=\"_blank\" rel=\"noreferrer noopener\">Du bon usage de l\u2019assurance responsabilit\u00e9<\/a><\/p>\n\n<p style=\"color:#ada301\" class=\"has-text-color\"><a href=\"https:\/\/journal-assurance.ca\/article\/un-cabinet-davocats-propose-du-soutien-juridique-en-ligne-aux-conseillers\/\" target=\"_blank\" rel=\"noreferrer noopener\">Un cabinet d\u2019avocats propose du soutien juridique en ligne aux conseillers<\/a><\/p>\n\n<p style=\"color:#ada301\" class=\"has-text-color\"><a href=\"https:\/\/www.chambresf.com\/userfiles\/files\/pdf\/fr\/magazine\/2019\/Decembre\/D-4986_CSF_Decembre2019_VF-INDEXE.pdf\" target=\"_blank\" rel=\"noreferrer noopener\">L\u2019industrie sur le qui-vive<\/a><\/p>\n\n<p style=\"color:#ada301\" class=\"has-text-color\"><a href=\"https:\/\/www.chambresf.com\/fr\/medias\/nouvelles\/?news_id=701\" target=\"_blank\" rel=\"noreferrer noopener\">Deux nouveaux comit\u00e9s consultatifs \u00e0 la CSF<\/a><\/p>\n\n<p style=\"color:#ada301\" class=\"has-text-color\"><a href=\"https:\/\/portail-assurance.ca\/article\/la-chambre-de-la-securite-financiere-met-en-place-deux-nouveaux-comites-consultatifs\/\" target=\"_blank\" rel=\"noreferrer noopener\">La CSF met en place deux nouveaux comit\u00e9s consultatifs<\/a><\/p>\n\n<p style=\"color:#ada301\" class=\"has-text-color\"><a href=\"https:\/\/www.conseiller.ca\/nouvelles\/industrie\/a-lagenda-205\/\" target=\"_blank\" rel=\"noreferrer noopener\">Formation en conformit\u00e9<\/a><\/p><\/div><\/div><\/div><\/div><\/div><\/div>\n\n<div style=\"height:20px\" aria-hidden=\"true\" class=\"wp-block-spacer\"><\/div>\n\n<h4 class=\"has-text-color wp-block-heading\" style=\"color:#6f1870\">PUBLICATIONS D\u2019ASSURANCE<\/h4>\n\n<p style=\"color:#6f1870\" class=\"has-text-color\"><a href=\"https:\/\/www.linkedin.com\/pulse\/inspections-de-lautorit%C3%A9-%C3%AAtes-vous-pr%C3%AAts-pascale-apold\/\" target=\"_blank\" rel=\"noreferrer noopener\">Inspections de l\u2019Autorit\u00e9, \u00eates-vous pr\u00eats?<\/a><\/p>\n\n<p style=\"color:#6f1870\" class=\"has-text-color\"><a href=\"https:\/\/www.linkedin.com\/pulse\/publication-du-r%25C3%25A8glement-sur-les-modes-alternatifs-de-pascale-apold\/?trackingId=eJ4nMpMaQGKgwVnH4bgsnw%3D%3D\" target=\"_blank\" rel=\"noreferrer noopener\">Publication du r\u00e8glement sur les modes alternatifs de distribution<\/a><\/p>\n\n<p style=\"color:#6f1870\" class=\"has-text-color\"><a href=\"https:\/\/www.linkedin.com\/pulse\/le-droit-chemin-et-scripta-legal-au-salon-de-isabelle-nadia-tremblay\/\" target=\"_blank\" rel=\"noreferrer noopener\">Le droit chemin et Scripta Legal au Salon de l&#8217;Assurance et de l&#8217;investissement<\/a><\/p>\n\n<p style=\"color:#6f1870\" class=\"has-text-color\"><a rel=\"noreferrer noopener\" href=\"https:\/\/www.linkedin.com\/feed\/update\/urn:li:activity:6580553563481657345\/\" target=\"_blank\">Mesurez votre risque de r\u00e9putation<\/a><\/p>\n\n<p style=\"color:#6f1870\" class=\"has-text-color\"><a href=\"https:\/\/www.chambresf.com\/fr\/espace-membre\/nouvelles\/?news_id=807\">Pour un plan de contingence \u00e0 l&#8217;\u00e9preuve de la Covid-19<\/a><\/p><\/div><\/div><p><\/p>","protected":false},"excerpt":{"rendered":"<p>AVOCAPSULE &#8211; QUESTIONS &amp; ANSWERS QU&#8217;ADVIENT-IL DE LA D\u00c9SIGNATION DE B\u00c9N\u00c9FICIAIRE D&#8217;UNE CONJOINTE DE FAIT APR\u00c8S UNE S\u00c9PARATION? LA D\u00c9SIGNATION DEMEURE, ET N&#8217;EST PAS ANNUL\u00c9E SUITE \u00c0 LA S\u00c9PARATION. AVOCAPSULE [&hellip;]<\/p>\n","protected":false},"author":12,"featured_media":0,"parent":0,"menu_order":0,"comment_status":"closed","ping_status":"closed","template":"","meta":{"_acf_changed":false,"footnotes":""},"class_list":["post-881","page","type-page","status-publish","hentry"],"acf":[],"_links":{"self":[{"href":"https:\/\/www.ledroitchemin.ca\/en\/wp-json\/wp\/v2\/pages\/881","targetHints":{"allow":["GET"]}}],"collection":[{"href":"https:\/\/www.ledroitchemin.ca\/en\/wp-json\/wp\/v2\/pages"}],"about":[{"href":"https:\/\/www.ledroitchemin.ca\/en\/wp-json\/wp\/v2\/types\/page"}],"author":[{"embeddable":true,"href":"https:\/\/www.ledroitchemin.ca\/en\/wp-json\/wp\/v2\/users\/12"}],"replies":[{"embeddable":true,"href":"https:\/\/www.ledroitchemin.ca\/en\/wp-json\/wp\/v2\/comments?post=881"}],"version-history":[{"count":4,"href":"https:\/\/www.ledroitchemin.ca\/en\/wp-json\/wp\/v2\/pages\/881\/revisions"}],"predecessor-version":[{"id":902,"href":"https:\/\/www.ledroitchemin.ca\/en\/wp-json\/wp\/v2\/pages\/881\/revisions\/902"}],"wp:attachment":[{"href":"https:\/\/www.ledroitchemin.ca\/en\/wp-json\/wp\/v2\/media?parent=881"}],"curies":[{"name":"wp","href":"https:\/\/api.w.org\/{rel}","templated":true}]}}